{"id":1378,"date":"2024-10-06T12:13:30","date_gmt":"2024-10-06T08:43:30","guid":{"rendered":"https:\/\/saribar.ir\/yurtdisi-satin-alma\/"},"modified":"2024-10-06T12:13:30","modified_gmt":"2024-10-06T08:43:30","slug":"yurtdisi-satin-alma","status":"publish","type":"page","link":"https:\/\/saribar.com\/tr\/yurtdisi-satin-alma\/","title":{"rendered":"Yurtd\u0131\u015f\u0131 Sat\u0131n Alma"},"content":{"rendered":"","protected":false},"excerpt":{"rendered":"","protected":false},"author":1,"featured_media":0,"parent":0,"menu_order":0,"comment_status":"closed","ping_status":"closed","template":"","meta":{"footnotes":""},"class_list":["post-1378","page","type-page","status-publish","hentry"],"_links":{"self":[{"href":"https:\/\/saribar.com\/tr\/wp-json\/wp\/v2\/pages\/1378","targetHints":{"allow":["GET"]}}],"collection":[{"href":"https:\/\/saribar.com\/tr\/wp-json\/wp\/v2\/pages"}],"about":[{"href":"https:\/\/saribar.com\/tr\/wp-json\/wp\/v2\/types\/page"}],"author":[{"embeddable":true,"href":"https:\/\/saribar.com\/tr\/wp-json\/wp\/v2\/users\/1"}],"replies":[{"embeddable":true,"href":"https:\/\/saribar.com\/tr\/wp-json\/wp\/v2\/comments?post=1378"}],"version-history":[{"count":0,"href":"https:\/\/saribar.com\/tr\/wp-json\/wp\/v2\/pages\/1378\/revisions"}],"wp:attachment":[{"href":"https:\/\/saribar.com\/tr\/wp-json\/wp\/v2\/media?parent=1378"}],"curies":[{"name":"wp","href":"https:\/\/api.w.org\/{rel}","templated":true}]}}