{"id":1365,"date":"2024-10-06T12:10:03","date_gmt":"2024-10-06T08:40:03","guid":{"rendered":"https:\/\/saribar.ir\/yurtici-karayolu-tasimaciligi\/"},"modified":"2025-07-13T12:46:24","modified_gmt":"2025-07-13T09:16:24","slug":"yurtici-karayolu-tasimaciligi","status":"publish","type":"page","link":"https:\/\/saribar.com\/tr\/yurtici-karayolu-tasimaciligi\/","title":{"rendered":"Yurti\u00e7i Karayolu Ta\u015f\u0131mac\u0131l\u0131\u011f\u0131"},"content":{"rendered":"","protected":false},"excerpt":{"rendered":"","protected":false},"author":1,"featured_media":0,"parent":0,"menu_order":0,"comment_status":"closed","ping_status":"closed","template":"","meta":{"footnotes":""},"class_list":["post-1365","page","type-page","status-publish","hentry"],"_links":{"self":[{"href":"https:\/\/saribar.com\/tr\/wp-json\/wp\/v2\/pages\/1365","targetHints":{"allow":["GET"]}}],"collection":[{"href":"https:\/\/saribar.com\/tr\/wp-json\/wp\/v2\/pages"}],"about":[{"href":"https:\/\/saribar.com\/tr\/wp-json\/wp\/v2\/types\/page"}],"author":[{"embeddable":true,"href":"https:\/\/saribar.com\/tr\/wp-json\/wp\/v2\/users\/1"}],"replies":[{"embeddable":true,"href":"https:\/\/saribar.com\/tr\/wp-json\/wp\/v2\/comments?post=1365"}],"version-history":[{"count":1,"href":"https:\/\/saribar.com\/tr\/wp-json\/wp\/v2\/pages\/1365\/revisions"}],"predecessor-version":[{"id":1366,"href":"https:\/\/saribar.com\/tr\/wp-json\/wp\/v2\/pages\/1365\/revisions\/1366"}],"wp:attachment":[{"href":"https:\/\/saribar.com\/tr\/wp-json\/wp\/v2\/media?parent=1365"}],"curies":[{"name":"wp","href":"https:\/\/api.w.org\/{rel}","templated":true}]}}