{"id":1360,"date":"2024-10-06T12:08:09","date_gmt":"2024-10-06T08:38:09","guid":{"rendered":"https:\/\/saribar.ir\/uluslararasi-karayolu-tasimaciligi\/"},"modified":"2025-08-12T11:14:38","modified_gmt":"2025-08-12T07:44:38","slug":"uluslararasi-karayolu-tasimaciligi","status":"publish","type":"page","link":"https:\/\/saribar.com\/tr\/uluslararasi-karayolu-tasimaciligi\/","title":{"rendered":"Uluslararas\u0131 Karayolu Ta\u015f\u0131mac\u0131l\u0131\u011f\u0131"},"content":{"rendered":"","protected":false},"excerpt":{"rendered":"","protected":false},"author":1,"featured_media":0,"parent":0,"menu_order":0,"comment_status":"closed","ping_status":"closed","template":"","meta":{"footnotes":""},"class_list":["post-1360","page","type-page","status-publish","hentry"],"_links":{"self":[{"href":"https:\/\/saribar.com\/tr\/wp-json\/wp\/v2\/pages\/1360","targetHints":{"allow":["GET"]}}],"collection":[{"href":"https:\/\/saribar.com\/tr\/wp-json\/wp\/v2\/pages"}],"about":[{"href":"https:\/\/saribar.com\/tr\/wp-json\/wp\/v2\/types\/page"}],"author":[{"embeddable":true,"href":"https:\/\/saribar.com\/tr\/wp-json\/wp\/v2\/users\/1"}],"replies":[{"embeddable":true,"href":"https:\/\/saribar.com\/tr\/wp-json\/wp\/v2\/comments?post=1360"}],"version-history":[{"count":1,"href":"https:\/\/saribar.com\/tr\/wp-json\/wp\/v2\/pages\/1360\/revisions"}],"predecessor-version":[{"id":1361,"href":"https:\/\/saribar.com\/tr\/wp-json\/wp\/v2\/pages\/1360\/revisions\/1361"}],"wp:attachment":[{"href":"https:\/\/saribar.com\/tr\/wp-json\/wp\/v2\/media?parent=1360"}],"curies":[{"name":"wp","href":"https:\/\/api.w.org\/{rel}","templated":true}]}}